{"id":1056,"date":"2024-11-27T18:11:07","date_gmt":"2024-11-27T17:11:07","guid":{"rendered":"https:\/\/www.badercruising.com\/references\/"},"modified":"2026-05-01T10:15:14","modified_gmt":"2026-05-01T08:15:14","slug":"references","status":"publish","type":"page","link":"https:\/\/www.badercruising.com\/fr\/references\/","title":{"rendered":"R\u00e9f\u00e9rences"},"content":{"rendered":"\n<div class=\"et_pb_section_0 et_pb_section et_section_regular et_block_section\"><div class=\"et_pb_row_0 et_pb_row et_block_row\"><div class=\"et_pb_column_0 et_pb_column et_pb_column_4_4 et-last-child et_block_column et_pb_css_mix_blend_mode_passthrough\"><div class=\"et_pb_text_0 et_pb_text et_pb_bg_layout_light et_pb_module et_block_module\"><div class=\"et_pb_text_inner\"><h3>R\u00e9f\u00e9rences<\/h3>\n<h5>Nombreux sont ceux qui r\u00eavent de la libert\u00e9 de parcourir le monde tout en gardant le sentiment d'\u00eatre chez soi.<\/h5>\n<h5>Pour de nombreux aventuriers, ce r\u00eave s'est r\u00e9alis\u00e9 avec un catamaran de <strong>Bader.cruising<\/strong>.<\/h5>\n<\/div><\/div><\/div><\/div><\/div><div class=\"et_pb_section_1 et_pb_section et_section_regular et_block_section\"><div class=\"et_pb_row_1 et_pb_row et_block_row\"><div class=\"et_pb_column_1 et_pb_column et_pb_column_1_2 et_block_column et_pb_css_mix_blend_mode_passthrough\"><div class=\"et_pb_text_1 et_pb_text et_pb_bg_layout_light et_pb_module et_block_module\"><div class=\"et_pb_text_inner\"><h5>Ce que disent nos clients:<\/h5>\n<p><em><strong>Monika Riesterer, CH<\/strong><\/em> <br \/>Tour du monde \u00e0 bord d'un Suncat 40' construit par elle-m\u00eame.<\/p>\n<\/div><\/div><div class=\"et_pb_image_0 et_pb_image et_pb_module et_block_module\"><a href=\"https:\/\/www.badercruising.com\/wp-content\/uploads\/2024\/12\/Bader_Referenzen_1.webp\" class=\"et_pb_lightbox_image\" alt=\"R\u00e9f\u00e9rences\"><span class=\"et_pb_image_wrap\"><img loading=\"lazy\" decoding=\"async\" src=\"https:\/\/www.badercruising.com\/wp-content\/uploads\/2024\/12\/Bader_Referenzen_1.webp\" width=\"1200\" height=\"700\" srcset=\"https:\/\/www.badercruising.com\/wp-content\/uploads\/2024\/12\/Bader_Referenzen_1.webp 1200w, https:\/\/www.badercruising.com\/wp-content\/uploads\/2024\/12\/Bader_Referenzen_1-980x572.webp 980w, https:\/\/www.badercruising.com\/wp-content\/uploads\/2024\/12\/Bader_Referenzen_1-480x280.webp 480w\" sizes=\"(min-width: 0px) and (max-width: 480px) 480px, (min-width: 481px) and (max-width: 980px) 980px, (min-width: 981px) 1200px, 100vw\" class=\"wp-image-507\" title=\"R\u00e9f\u00e9rences\" alt=\"R\u00e9f\u00e9rences\" \/><\/span><\/a><\/div><div class=\"et_pb_text_2 et_pb_text et_pb_bg_layout_light et_pb_module et_block_module\"><div class=\"et_pb_text_inner\"><p>\"Pour concr\u00e9tiser l'id\u00e9e de construire nous-m\u00eames un catamaran, nous avons trouv\u00e9 en Monsieur Bader un guide qui a men\u00e9 notre projet sur la voie du succ\u00e8s. Outre l'atelier et le mat\u00e9riel, M. Bader a mis \u00e0 notre disposition ses vastes connaissances en mati\u00e8re de construction de yachts. Pendant qu'il travaillait avec son \u00e9quipe \u00e0 la construction d'un catamaran de 13,50 m, il avait toujours du temps \u00e0 nous consacrer lorsqu'il fallait r\u00e9gler des questions de d\u00e9tail.  <\/p>\n<p>Apr\u00e8s avoir termin\u00e9 la construction de notre catamaran, nous avons navigu\u00e9 autour du monde pendant cinq ans. Notre construction artisanale navigue actuellement dans le Pacifique Sud. En termes d'esth\u00e9tique, de fonctionnalit\u00e9 et de performance, il ne craint nullement la comparaison avec les nouveaux bateaux de s\u00e9rie. Nous gardons un contact amical avec Monsieur Bader, qui nous a permis de d\u00e9marrer notre vie sur l'eau\"   <\/p>\n<\/div><\/div><div class=\"et_pb_divider_0 et_pb_divider et_pb_space et_pb_divider_position_top et_pb_module\"><div class=\"et_pb_divider_internal\"><\/div><\/div><div class=\"et_pb_text_3 et_pb_text et_pb_bg_layout_light et_pb_module et_block_module\"><div class=\"et_pb_text_inner\"><p><em><strong>M. Ernstbrunner, A<\/strong><\/em> <br \/>Plusieurs tours du monde \u00e0 la voile<\/p>\n<\/div><\/div><div class=\"et_pb_image_1 et_pb_image et_pb_module et_block_module\"><a href=\"https:\/\/www.badercruising.com\/wp-content\/uploads\/2024\/12\/Bader_Referenzen_3_d.webp\" class=\"et_pb_lightbox_image\" alt=\"R\u00e9f\u00e9rences\"><span class=\"et_pb_image_wrap\"><img loading=\"lazy\" decoding=\"async\" src=\"https:\/\/www.badercruising.com\/wp-content\/uploads\/2024\/12\/Bader_Referenzen_3_d.webp\" width=\"700\" height=\"1200\" srcset=\"https:\/\/www.badercruising.com\/wp-content\/uploads\/2024\/12\/Bader_Referenzen_3_d.webp 700w, https:\/\/www.badercruising.com\/wp-content\/uploads\/2024\/12\/Bader_Referenzen_3_d-480x823.webp 480w\" sizes=\"(min-width: 0px) and (max-width: 480px) 480px, (min-width: 481px) 700px, 100vw\" class=\"wp-image-741\" title=\"R\u00e9f\u00e9rences\" alt=\"R\u00e9f\u00e9rences\" \/><\/span><\/a><\/div><div class=\"et_pb_text_4 et_pb_text et_pb_bg_layout_light et_pb_module et_block_module\"><div class=\"et_pb_text_inner\"><p>\"J'ai la chance de poss\u00e9der l'un des bateaux construits par les Catamarans Bader. Ceux-ci \u00e9taient \u00e0 leur \u00e9poque tr\u00e8s en avance sur les autres designs en termes d'innovation et de qualit\u00e9 et sont encore aujourd'hui des bateaux tr\u00e8s pris\u00e9s sur le march\u00e9. Ce qui est unique, c'est le contact et le suivi que Monsieur Bader entretient avec ses clients, et ce pendant des d\u00e9cennies. On reconna\u00eet l'amour qu'il porte \u00e0 chaque yacht qu'il a construit avec soin.\"   <\/p>\n<p><a href=\"https:\/\/www.wildtoo.eu\" target=\"_blank\" rel=\"noopener\">www.wildtoo.eu<\/a><\/p>\n<\/div><\/div><div class=\"et_pb_divider_1 et_pb_divider et_pb_space et_pb_divider_position_top et_pb_module\"><div class=\"et_pb_divider_internal\"><\/div><\/div><div class=\"et_pb_text_5 et_pb_text et_pb_bg_layout_light et_pb_module et_block_module\"><div class=\"et_pb_text_inner\"><p><em><strong>Peter&amp;Toni, GB<\/strong><\/em><br \/>Navigation sur toutes les mers.<\/p>\n<p>\"Apr\u00e8s presque vingt ans sur l'eau, Tigger est structurellement aussi sain que depuis toujours, et nous ne nous sommes jamais inqui\u00e9t\u00e9s de sa fiabilit\u00e9 en mer. Un t\u00e9moignage de la conception de John et du constructeur Burkhard Bader.\" <\/p>\n<p><a href=\"https:\/\/www.badercruising.com\/wp-content\/uploads\/2024\/12\/Tigger_fr.pdf\" target=\"_blank\" rel=\"noopener\" class=\"link_border\">R\u00e9cit sur Tigger<\/a><\/p>\n<\/div><\/div><div class=\"et_pb_image_2 et_pb_image et_pb_module et_block_module\"><a href=\"https:\/\/www.badercruising.com\/wp-content\/uploads\/2024\/12\/Bader_Referenzen_6.webp\" class=\"et_pb_lightbox_image\" alt=\"R\u00e9f\u00e9rences\"><span class=\"et_pb_image_wrap\"><img loading=\"lazy\" decoding=\"async\" src=\"https:\/\/www.badercruising.com\/wp-content\/uploads\/2024\/12\/Bader_Referenzen_6.webp\" width=\"1200\" height=\"700\" srcset=\"https:\/\/www.badercruising.com\/wp-content\/uploads\/2024\/12\/Bader_Referenzen_6.webp 1200w, https:\/\/www.badercruising.com\/wp-content\/uploads\/2024\/12\/Bader_Referenzen_6-980x572.webp 980w, https:\/\/www.badercruising.com\/wp-content\/uploads\/2024\/12\/Bader_Referenzen_6-480x280.webp 480w\" sizes=\"(min-width: 0px) and (max-width: 480px) 480px, (min-width: 481px) and (max-width: 980px) 980px, (min-width: 981px) 1200px, 100vw\" class=\"wp-image-512\" title=\"R\u00e9f\u00e9rences\" alt=\"R\u00e9f\u00e9rences\" \/><\/span><\/a><\/div><\/div><div class=\"et_pb_column_2 et_pb_column et_pb_column_1_2 et-last-child et_block_column et_pb_css_mix_blend_mode_passthrough\"><div class=\"et_pb_text_6 et_pb_text et_pb_bg_layout_light et_pb_module et_block_module\"><div class=\"et_pb_text_inner\"><p><em><strong>Paul.Maier, D<\/strong><\/em><br \/>capitaine allemand,<\/p>\n<p>navigue depuis 1991, le plus souvent en solitaire, sur son catamaran construit avec l'aide de Burkhard Bader. R\u00e9cit de construction et de voyage dans le livre \"Matangi - unter Segeln zu fernen Zielen\" (ISBN 978-3-8311-1354-5). <\/p>\n<\/div><\/div><div class=\"et_pb_divider_2 et_pb_divider et_pb_space et_pb_divider_position_top et_pb_module\"><div class=\"et_pb_divider_internal\"><\/div><\/div><div class=\"et_pb_text_7 et_pb_text et_pb_bg_layout_light et_pb_module et_block_module\"><div class=\"et_pb_text_inner\"><p><em><strong>W.Sorg, D<\/strong><\/em><br \/>navigateur de trimarans remorquables et globe-trotter.<\/p>\n<\/div><\/div><div class=\"et_pb_image_3 et_pb_image et_pb_module et_block_module\"><a href=\"https:\/\/www.badercruising.com\/wp-content\/uploads\/2024\/12\/Bader_Referenzen_2.webp\" class=\"et_pb_lightbox_image\" alt=\"R\u00e9f\u00e9rences\"><span class=\"et_pb_image_wrap\"><img loading=\"lazy\" decoding=\"async\" src=\"https:\/\/www.badercruising.com\/wp-content\/uploads\/2024\/12\/Bader_Referenzen_2.webp\" width=\"1200\" height=\"700\" srcset=\"https:\/\/www.badercruising.com\/wp-content\/uploads\/2024\/12\/Bader_Referenzen_2.webp 1200w, https:\/\/www.badercruising.com\/wp-content\/uploads\/2024\/12\/Bader_Referenzen_2-980x572.webp 980w, https:\/\/www.badercruising.com\/wp-content\/uploads\/2024\/12\/Bader_Referenzen_2-480x280.webp 480w\" sizes=\"(min-width: 0px) and (max-width: 480px) 480px, (min-width: 481px) and (max-width: 980px) 980px, (min-width: 981px) 1200px, 100vw\" class=\"wp-image-508\" title=\"R\u00e9f\u00e9rences\" alt=\"R\u00e9f\u00e9rences\" \/><\/span><\/a><\/div><div class=\"et_pb_text_8 et_pb_text et_pb_bg_layout_light et_pb_module et_block_module\"><div class=\"et_pb_text_inner\"><p>\"Depuis plus de quatre d\u00e9cennies, Burkhard Bader construit des multicoques pour le compte de ses clients, applique de nouvelles m\u00e9thodes de construction peu co\u00fbteuses et aide ses clients \u00e0 r\u00e9aliser leurs propres travaux. Burkhard se caract\u00e9rise par une \u00e9volution constante, une grande exp\u00e9rience et des connaissances approfondies\". <\/p>\n<\/div><\/div><div class=\"et_pb_divider_3 et_pb_divider et_pb_space et_pb_divider_position_top et_pb_module\"><div class=\"et_pb_divider_internal\"><\/div><\/div><div class=\"et_pb_text_9 et_pb_text et_pb_bg_layout_light et_pb_module et_block_module\"><div class=\"et_pb_text_inner\"><p><em><strong>J.&amp;V. Schwarzer, CH<\/strong><\/em><br \/>Voyages \u00e0 travers l'Europe avec leur propre yacht habitable (14 m x 5 m).<\/p>\n<p>\"Nous connaissons Burkhard Bader depuis plus de 20 ans comme constructeur enti\u00e8rement fiable de yachts. Son savoir-faire a permis la construction, dans ses ateliers, des premiers bacs en plastique pour le Haut-Rhin. Plus tard, il nous a donn\u00e9 d'excellents conseils pour nous permettre de construire nous-m\u00eames notre catamaran, sur lequel nous avons voyag\u00e9 depuis B\u00e2le sur les fleuves, les canaux et la mer Baltique jusqu'aux abords de Stockholm, puis en sens inverse et plus loin \u00e0 travers d'\u00e9troites \u00e9cluses en France ainsi que sur la M\u00e9diterran\u00e9e jusqu'aux environs de Valence. Nous appr\u00e9cions Burkhard en tant qu'excellent constructeur de bateaux et comme ami.\"   <\/p>\n<\/div><\/div><div class=\"et_pb_image_4 et_pb_image et_pb_module et_block_module\"><a href=\"https:\/\/www.badercruising.com\/wp-content\/uploads\/2024\/12\/Bader_Referenzen_4.webp\" class=\"et_pb_lightbox_image\" alt=\"R\u00e9f\u00e9rences\"><span class=\"et_pb_image_wrap\"><img loading=\"lazy\" decoding=\"async\" src=\"https:\/\/www.badercruising.com\/wp-content\/uploads\/2024\/12\/Bader_Referenzen_4.webp\" width=\"1200\" height=\"700\" srcset=\"https:\/\/www.badercruising.com\/wp-content\/uploads\/2024\/12\/Bader_Referenzen_4.webp 1200w, https:\/\/www.badercruising.com\/wp-content\/uploads\/2024\/12\/Bader_Referenzen_4-980x572.webp 980w, https:\/\/www.badercruising.com\/wp-content\/uploads\/2024\/12\/Bader_Referenzen_4-480x280.webp 480w\" sizes=\"(min-width: 0px) and (max-width: 480px) 480px, (min-width: 481px) and (max-width: 980px) 980px, (min-width: 981px) 1200px, 100vw\" class=\"wp-image-510\" title=\"R\u00e9f\u00e9rences\" alt=\"R\u00e9f\u00e9rences\" \/><\/span><\/a><\/div><div class=\"et_pb_divider_4 et_pb_divider et_pb_space et_pb_divider_position_top et_pb_module\"><div class=\"et_pb_divider_internal\"><\/div><\/div><div class=\"et_pb_text_10 et_pb_text et_pb_bg_layout_light et_pb_module et_block_module\"><div class=\"et_pb_text_inner\"><p><em><strong>E. &amp; A. Albrecht, D<\/strong><\/em> <br \/>Coup de c\u0153ur pour le prototype Kronland I.<\/p>\n<\/div><\/div><div class=\"et_pb_image_5 et_pb_image et_pb_module et_block_module\"><a href=\"https:\/\/www.badercruising.com\/wp-content\/uploads\/2024\/12\/Bader_Referenzen_5.webp\" class=\"et_pb_lightbox_image\" alt=\"R\u00e9f\u00e9rences\"><span class=\"et_pb_image_wrap\"><img loading=\"lazy\" decoding=\"async\" src=\"https:\/\/www.badercruising.com\/wp-content\/uploads\/2024\/12\/Bader_Referenzen_5.webp\" width=\"1200\" height=\"700\" srcset=\"https:\/\/www.badercruising.com\/wp-content\/uploads\/2024\/12\/Bader_Referenzen_5.webp 1200w, https:\/\/www.badercruising.com\/wp-content\/uploads\/2024\/12\/Bader_Referenzen_5-980x572.webp 980w, https:\/\/www.badercruising.com\/wp-content\/uploads\/2024\/12\/Bader_Referenzen_5-480x280.webp 480w\" sizes=\"(min-width: 0px) and (max-width: 480px) 480px, (min-width: 481px) and (max-width: 980px) 980px, (min-width: 981px) 1200px, 100vw\" class=\"wp-image-511\" title=\"R\u00e9f\u00e9rences\" alt=\"R\u00e9f\u00e9rences\" \/><\/span><\/a><\/div><div class=\"et_pb_text_11 et_pb_text et_pb_bg_layout_light et_pb_module et_block_module\"><div class=\"et_pb_text_inner\"><p>\"Nous avons acquis le prototype Kronland de Monsieur B. Bader en 2019. Depuis, nous nous sentons tr\u00e8s \u00e0 l'aise sur ce catamaran habitable et nous nous rapprochons des sports nautiques et de la vie maritime. Nous nous sommes rapidement habitu\u00e9s \u00e0 la facilit\u00e9 d'utilisation du yacht avec ses deux postes de pilotage et nous acqu\u00e9rons maintenant de l'exp\u00e9rience en eaux douces, parfois peu profondes et \u00e9troites. Aujourd'hui encore, nous sommes impressionn\u00e9s par l'expertise et la serviabilit\u00e9 de Burkhard et appr\u00e9cions beaucoup son soutien.\"   <\/p>\n<\/div><\/div><div class=\"et_pb_divider_5 et_pb_divider et_pb_space et_pb_divider_position_top et_pb_module\"><div class=\"et_pb_divider_internal\"><\/div><\/div><div class=\"et_pb_text_12 et_pb_text et_pb_bg_layout_light et_pb_module et_block_module\"><div class=\"et_pb_text_inner\"><p><em><strong>J\u00f6rg Albrecht, D<\/strong><\/em><br \/>ing\u00e9nieur en construction navale, certificateur, expert<\/p>\n<p>\"J'accompagne l'activit\u00e9 entrepreneuriale de Burkhard Bader dans la conception et la fabrication de multicoques depuis 30 ans. Nous \u00e9changeons des informations sur les proc\u00e9d\u00e9s de la technologie des fibres composites (composites), sur les normes et les prescriptions d'homologation. Les r\u00e9sultats de son travail impressionnent par leur qualit\u00e9, leur fonctionnalit\u00e9 et leur long\u00e9vit\u00e9.\"    <\/p>\n<p><a href=\"https:\/\/www.solarship.de\" target=\"_blank\" rel=\"noopener\">www.solarship.de<\/a><\/p>\n<p><a class=\"link_border\" href=\"https:\/\/www.badercruising.com\/wp-content\/uploads\/2024\/12\/Bader-Empfehlung-1.pdf\" target=\"_blank\" rel=\"noopener\">Recommandation<\/a><\/p>\n<\/div><\/div><\/div><\/div><\/div>\n","protected":false},"excerpt":{"rendered":"","protected":false},"author":1,"featured_media":0,"parent":0,"menu_order":0,"comment_status":"closed","ping_status":"closed","template":"","meta":{"footnotes":""},"class_list":["post-1056","page","type-page","status-publish","hentry"],"yoast_head":"<!-- This site is optimized with the Yoast SEO plugin v27.5 - https:\/\/yoast.com\/product\/yoast-seo-wordpress\/ -->\n<title>R\u00e9f\u00e9rences - Bader.cruising...komfortabel reisen, remote arbeiten, genie\u00dfen.<\/title>\n<meta name=\"description\" content=\"R\u00e9f\u00e9rences - Bader.cruising...komfortabel reisen, remote arbeiten, genie\u00dfen.\" \/>\n<meta name=\"robots\" content=\"index, follow, max-snippet:-1, max-image-preview:large, max-video-preview:-1\" \/>\n<link rel=\"canonical\" href=\"https:\/\/www.badercruising.com\/fr\/references\/\" \/>\n<meta property=\"og:locale\" content=\"fr_FR\" \/>\n<meta property=\"og:type\" content=\"article\" \/>\n<meta property=\"og:title\" content=\"R\u00e9f\u00e9rences - Bader.cruising...komfortabel reisen, remote arbeiten, genie\u00dfen.\" \/>\n<meta property=\"og:description\" content=\"R\u00e9f\u00e9rences - Bader.cruising...komfortabel reisen, remote arbeiten, genie\u00dfen.\" \/>\n<meta property=\"og:url\" content=\"https:\/\/www.badercruising.com\/fr\/references\/\" \/>\n<meta property=\"og:site_name\" content=\"Bader.cruising...komfortabel reisen, remote arbeiten, genie\u00dfen.\" \/>\n<meta property=\"article:modified_time\" content=\"2026-05-01T08:15:14+00:00\" \/>\n<meta name=\"twitter:card\" content=\"summary_large_image\" \/>\n<script type=\"application\/ld+json\" class=\"yoast-schema-graph\">{\"@context\":\"https:\\\/\\\/schema.org\",\"@graph\":[{\"@type\":\"WebPage\",\"@id\":\"https:\\\/\\\/www.badercruising.com\\\/fr\\\/references\\\/\",\"url\":\"https:\\\/\\\/www.badercruising.com\\\/fr\\\/references\\\/\",\"name\":\"R\u00e9f\u00e9rences - Bader.cruising...komfortabel reisen, remote arbeiten, genie\u00dfen.\",\"isPartOf\":{\"@id\":\"https:\\\/\\\/www.badercruising.com\\\/fr\\\/#website\"},\"datePublished\":\"2024-11-27T17:11:07+00:00\",\"dateModified\":\"2026-05-01T08:15:14+00:00\",\"description\":\"R\u00e9f\u00e9rences - Bader.cruising...komfortabel reisen, remote arbeiten, genie\u00dfen.\",\"breadcrumb\":{\"@id\":\"https:\\\/\\\/www.badercruising.com\\\/fr\\\/references\\\/#breadcrumb\"},\"inLanguage\":\"fr-FR\",\"potentialAction\":[{\"@type\":\"ReadAction\",\"target\":[\"https:\\\/\\\/www.badercruising.com\\\/fr\\\/references\\\/\"]}]},{\"@type\":\"BreadcrumbList\",\"@id\":\"https:\\\/\\\/www.badercruising.com\\\/fr\\\/references\\\/#breadcrumb\",\"itemListElement\":[{\"@type\":\"ListItem\",\"position\":1,\"name\":\"Startseite\",\"item\":\"https:\\\/\\\/www.badercruising.com\\\/fr\\\/\"},{\"@type\":\"ListItem\",\"position\":2,\"name\":\"R\u00e9f\u00e9rences\"}]},{\"@type\":\"WebSite\",\"@id\":\"https:\\\/\\\/www.badercruising.com\\\/fr\\\/#website\",\"url\":\"https:\\\/\\\/www.badercruising.com\\\/fr\\\/\",\"name\":\"Bader.cruising...komfortabel reisen, remote arbeiten, genie\u00dfen.\",\"description\":\"\",\"potentialAction\":[{\"@type\":\"SearchAction\",\"target\":{\"@type\":\"EntryPoint\",\"urlTemplate\":\"https:\\\/\\\/www.badercruising.com\\\/fr\\\/?s={search_term_string}\"},\"query-input\":{\"@type\":\"PropertyValueSpecification\",\"valueRequired\":true,\"valueName\":\"search_term_string\"}}],\"inLanguage\":\"fr-FR\"}]}<\/script>\n<!-- \/ Yoast SEO plugin. -->","yoast_head_json":{"title":"R\u00e9f\u00e9rences - Bader.cruising...komfortabel reisen, remote arbeiten, genie\u00dfen.","description":"R\u00e9f\u00e9rences - Bader.cruising...komfortabel reisen, remote arbeiten, genie\u00dfen.","robots":{"index":"index","follow":"follow","max-snippet":"max-snippet:-1","max-image-preview":"max-image-preview:large","max-video-preview":"max-video-preview:-1"},"canonical":"https:\/\/www.badercruising.com\/fr\/references\/","og_locale":"fr_FR","og_type":"article","og_title":"R\u00e9f\u00e9rences - Bader.cruising...komfortabel reisen, remote arbeiten, genie\u00dfen.","og_description":"R\u00e9f\u00e9rences - Bader.cruising...komfortabel reisen, remote arbeiten, genie\u00dfen.","og_url":"https:\/\/www.badercruising.com\/fr\/references\/","og_site_name":"Bader.cruising...komfortabel reisen, remote arbeiten, genie\u00dfen.","article_modified_time":"2026-05-01T08:15:14+00:00","twitter_card":"summary_large_image","schema":{"@context":"https:\/\/schema.org","@graph":[{"@type":"WebPage","@id":"https:\/\/www.badercruising.com\/fr\/references\/","url":"https:\/\/www.badercruising.com\/fr\/references\/","name":"R\u00e9f\u00e9rences - Bader.cruising...komfortabel reisen, remote arbeiten, genie\u00dfen.","isPartOf":{"@id":"https:\/\/www.badercruising.com\/fr\/#website"},"datePublished":"2024-11-27T17:11:07+00:00","dateModified":"2026-05-01T08:15:14+00:00","description":"R\u00e9f\u00e9rences - Bader.cruising...komfortabel reisen, remote arbeiten, genie\u00dfen.","breadcrumb":{"@id":"https:\/\/www.badercruising.com\/fr\/references\/#breadcrumb"},"inLanguage":"fr-FR","potentialAction":[{"@type":"ReadAction","target":["https:\/\/www.badercruising.com\/fr\/references\/"]}]},{"@type":"BreadcrumbList","@id":"https:\/\/www.badercruising.com\/fr\/references\/#breadcrumb","itemListElement":[{"@type":"ListItem","position":1,"name":"Startseite","item":"https:\/\/www.badercruising.com\/fr\/"},{"@type":"ListItem","position":2,"name":"R\u00e9f\u00e9rences"}]},{"@type":"WebSite","@id":"https:\/\/www.badercruising.com\/fr\/#website","url":"https:\/\/www.badercruising.com\/fr\/","name":"Bader.cruising...komfortabel reisen, remote arbeiten, genie\u00dfen.","description":"","potentialAction":[{"@type":"SearchAction","target":{"@type":"EntryPoint","urlTemplate":"https:\/\/www.badercruising.com\/fr\/?s={search_term_string}"},"query-input":{"@type":"PropertyValueSpecification","valueRequired":true,"valueName":"search_term_string"}}],"inLanguage":"fr-FR"}]}},"_links":{"self":[{"href":"https:\/\/www.badercruising.com\/fr\/wp-json\/wp\/v2\/pages\/1056","targetHints":{"allow":["GET"]}}],"collection":[{"href":"https:\/\/www.badercruising.com\/fr\/wp-json\/wp\/v2\/pages"}],"about":[{"href":"https:\/\/www.badercruising.com\/fr\/wp-json\/wp\/v2\/types\/page"}],"author":[{"embeddable":true,"href":"https:\/\/www.badercruising.com\/fr\/wp-json\/wp\/v2\/users\/1"}],"replies":[{"embeddable":true,"href":"https:\/\/www.badercruising.com\/fr\/wp-json\/wp\/v2\/comments?post=1056"}],"version-history":[{"count":3,"href":"https:\/\/www.badercruising.com\/fr\/wp-json\/wp\/v2\/pages\/1056\/revisions"}],"predecessor-version":[{"id":1513,"href":"https:\/\/www.badercruising.com\/fr\/wp-json\/wp\/v2\/pages\/1056\/revisions\/1513"}],"wp:attachment":[{"href":"https:\/\/www.badercruising.com\/fr\/wp-json\/wp\/v2\/media?parent=1056"}],"curies":[{"name":"wp","href":"https:\/\/api.w.org\/{rel}","templated":true}]}}