{"id":1037,"date":"2024-11-27T18:10:50","date_gmt":"2024-11-27T17:10:50","guid":{"rendered":"https:\/\/www.badercruising.com\/qui-sommes-nous\/"},"modified":"2026-05-01T10:15:11","modified_gmt":"2026-05-01T08:15:11","slug":"qui-sommes-nous","status":"publish","type":"page","link":"https:\/\/www.badercruising.com\/fr\/qui-sommes-nous\/","title":{"rendered":"Qui sommes-nous"},"content":{"rendered":"\n<div class=\"et_pb_section_0 et_pb_section et_section_specialty et_pb_gutters3 et_block_section\"><div class=\"et_pb_row et_block_row\"><div class=\"et_pb_column_0 et_pb_column et_pb_column_single et_pb_column_1_2 et_block_column et_pb_css_mix_blend_mode_passthrough\"><div class=\"et_pb_text_0 et_pb_text et_pb_bg_layout_light et_pb_module et_block_module\"><div class=\"et_pb_text_inner\"><h3>Le d\u00e9but d'une passion pour les bateaux multicoque<\/h3>\n<p>\u00c0 l'\u00e2ge de 14 ans, j'ai d\u00e9couvert ma passion pour la voile dans le fjord de Kiel. Plus tard, des exp\u00e9riences de convoyage de yachts sur des fleuves comme la Meuse et le Rhin ainsi que dans des canaux et une saison comme skipper dans la mer \u00c9g\u00e9e m'ont amen\u00e9 \u00e0 la d\u00e9cision de construire mon propre yacht - un catamaran \u00e0 voile. Une fois le catamaran termin\u00e9, je l'ai fait naviguer autour de l'Europe, en M\u00e9diterran\u00e9e.  <\/p>\n<p>La vente de plans de construction pour trimarans et catamarans a d\u00e9bouch\u00e9 sur la premi\u00e8re commande d'un catamaran de 12 m\u00e8tres. Un client le construisit avec mon aide et sous ma direction. Apr\u00e8s plus de 30 ans, le propri\u00e9taire du catamaran Matangi de 40' navigue toujours, le plus souvent en solitaire, entre l'oc\u00e9an Arctique et l'oc\u00e9an Austral.  <\/p>\n<p>D\u00e8s les d\u00e9buts, en 1980, j'ai mis\u00e9 sur les proc\u00e9d\u00e9s les plus avanc\u00e9s, en particulier sur la technique du vide pour les stratifi\u00e9s sandwich. Les d\u00e9buts exp\u00e9rimentaux ont donn\u00e9 naissance \u00e0 une entreprise qui a fabriqu\u00e9 et lanc\u00e9 sur les mers du monde 44 catamarans au total. Plusieurs des catamarans construits par mon \u00e9quipe ont fait et continuent de faire le tour du monde.  <\/p>\n<p>&nbsp;<\/p>\n<\/div><\/div><\/div><div class=\"et_pb_column_1 et_pb_column et_pb_specialty_column et_pb_column_1_2 et-last-child et_block_column et_pb_css_mix_blend_mode_passthrough\"><div class=\"et_pb_row_inner_0 et_pb_row_inner et_pb_gutters1 et_block_row\"><div class=\"et_pb_column_inner_0 et_pb_column_inner et_pb_column et_pb_column_1_4 et_block_column et_pb_css_mix_blend_mode_passthrough\"><div class=\"et_pb_image_0 et_pb_image et_pb_module et_block_module\"><a href=\"https:\/\/www.badercruising.com\/wp-content\/uploads\/2024\/12\/bader_cruising_ueber_uns_1.webp\" class=\"et_pb_lightbox_image\" alt=\"Gr\u00e8ce 1977\"><span class=\"et_pb_image_wrap\"><img loading=\"lazy\" decoding=\"async\" src=\"https:\/\/www.badercruising.com\/wp-content\/uploads\/2024\/12\/bader_cruising_ueber_uns_1.webp\" width=\"1024\" height=\"1024\" srcset=\"https:\/\/www.badercruising.com\/wp-content\/uploads\/2024\/12\/bader_cruising_ueber_uns_1.webp 1024w, https:\/\/www.badercruising.com\/wp-content\/uploads\/2024\/12\/bader_cruising_ueber_uns_1-980x980.webp 980w, https:\/\/www.badercruising.com\/wp-content\/uploads\/2024\/12\/bader_cruising_ueber_uns_1-480x480.webp 480w\" sizes=\"(min-width: 0px) and (max-width: 480px) 480px, (min-width: 481px) and (max-width: 980px) 980px, (min-width: 981px) 1024px, 100vw\" class=\"wp-image-485\" title=\"Gr\u00e8ce 1977\" alt=\"Gr\u00e8ce 1977\" \/><\/span><\/a><\/div><\/div><div class=\"et_pb_column_inner_1 et_pb_column_inner et_pb_column et_pb_column_1_4 et-last-child et_block_column et_pb_css_mix_blend_mode_passthrough\"><div class=\"et_pb_image_1 et_pb_image et_pb_module et_block_module\"><a href=\"https:\/\/www.badercruising.com\/wp-content\/uploads\/2024\/12\/bader_ueber_uns_2_c.webp\" class=\"et_pb_lightbox_image\"><span class=\"et_pb_image_wrap\"><img loading=\"lazy\" decoding=\"async\" src=\"https:\/\/www.badercruising.com\/wp-content\/uploads\/2024\/12\/bader_ueber_uns_2_c.webp\" width=\"1024\" height=\"1024\" srcset=\"https:\/\/www.badercruising.com\/wp-content\/uploads\/2024\/12\/bader_ueber_uns_2_c.webp 1024w, https:\/\/www.badercruising.com\/wp-content\/uploads\/2024\/12\/bader_ueber_uns_2_c-980x980.webp 980w, https:\/\/www.badercruising.com\/wp-content\/uploads\/2024\/12\/bader_ueber_uns_2_c-480x480.webp 480w\" sizes=\"(min-width: 0px) and (max-width: 480px) 480px, (min-width: 481px) and (max-width: 980px) 980px, (min-width: 981px) 1024px, 100vw\" class=\"wp-image-738\" \/><\/span><\/a><\/div><\/div><\/div><div class=\"et_pb_row_inner_1 et_pb_row_inner et_pb_gutters1 et_block_row\"><div class=\"et_pb_column_inner_2 et_pb_column_inner et_pb_column et_pb_column_1_4 et_block_column et_pb_css_mix_blend_mode_passthrough\"><div class=\"et_pb_image_2 et_pb_image et_pb_module et_block_module\"><a href=\"https:\/\/www.badercruising.com\/wp-content\/uploads\/2024\/12\/bader_ueber_uns_3_b.webp\" class=\"et_pb_lightbox_image\" alt=\"Advantage 44&#039; conception John Shuttleworth\"><span class=\"et_pb_image_wrap\"><img loading=\"lazy\" decoding=\"async\" src=\"https:\/\/www.badercruising.com\/wp-content\/uploads\/2024\/12\/bader_ueber_uns_3_b.webp\" width=\"1024\" height=\"1024\" srcset=\"https:\/\/www.badercruising.com\/wp-content\/uploads\/2024\/12\/bader_ueber_uns_3_b.webp 1024w, https:\/\/www.badercruising.com\/wp-content\/uploads\/2024\/12\/bader_ueber_uns_3_b-980x980.webp 980w, https:\/\/www.badercruising.com\/wp-content\/uploads\/2024\/12\/bader_ueber_uns_3_b-480x480.webp 480w\" sizes=\"(min-width: 0px) and (max-width: 480px) 480px, (min-width: 481px) and (max-width: 980px) 980px, (min-width: 981px) 1024px, 100vw\" class=\"wp-image-665\" title=\"Advantage 44&#039; conception John Shuttleworth\" alt=\"Advantage 44&#039; conception John Shuttleworth\" \/><\/span><\/a><\/div><\/div><div class=\"et_pb_column_inner_3 et_pb_column_inner et_pb_column et_pb_column_1_4 et-last-child et_block_column et_pb_css_mix_blend_mode_passthrough\"><div class=\"et_pb_image_3 et_pb_image et_pb_module et_block_module\"><a href=\"https:\/\/www.badercruising.com\/wp-content\/uploads\/2024\/12\/bader_cruising_ueber_uns_4.webp\" class=\"et_pb_lightbox_image\" alt=\"Danzig\"><span class=\"et_pb_image_wrap\"><img loading=\"lazy\" decoding=\"async\" src=\"https:\/\/www.badercruising.com\/wp-content\/uploads\/2024\/12\/bader_cruising_ueber_uns_4.webp\" width=\"1024\" height=\"1024\" srcset=\"https:\/\/www.badercruising.com\/wp-content\/uploads\/2024\/12\/bader_cruising_ueber_uns_4.webp 1024w, https:\/\/www.badercruising.com\/wp-content\/uploads\/2024\/12\/bader_cruising_ueber_uns_4-980x980.webp 980w, https:\/\/www.badercruising.com\/wp-content\/uploads\/2024\/12\/bader_cruising_ueber_uns_4-480x480.webp 480w\" sizes=\"(min-width: 0px) and (max-width: 480px) 480px, (min-width: 481px) and (max-width: 980px) 980px, (min-width: 981px) 1024px, 100vw\" class=\"wp-image-488\" title=\"Danzig\" alt=\"Danzig\" \/><\/span><\/a><\/div><\/div><\/div><\/div><\/div><\/div><div class=\"et_pb_section_1 et_pb_section et_section_regular et_block_section\"><div class=\"et_pb_row_0 et_pb_row et_block_row\"><div class=\"et_pb_column_2 et_pb_column et_pb_column_4_4 et-last-child et_block_column et_pb_css_mix_blend_mode_passthrough\"><div class=\"et_pb_text_1 et_pb_text et_pb_bg_layout_light et_pb_module et_block_module\"><div class=\"et_pb_text_inner\"><h3>Un faible tirant d'eau \u2013 La cl\u00e9 pour vivre la nature de pr\u00e8s<\/h3>\n<p>Apr\u00e8s la vente de l'entreprise, j'ai explor\u00e9 les voies navigables \u00e0 l'est de l'Elbe jusqu'en Prusse orientale \u00e0 bord d'un prototype de catamaran fluvial, le Kronland I. J'ai navigu\u00e9 sur la Vistule jusqu'\u00e0 Gdansk et j'ai atteint la fronti\u00e8re russe pr\u00e8s de Kaliningrad. Deux voyages m'ont conduit \u00e0 Prague par l'Elbe et la Vltava. Le bateau s'est \u00e9galement r\u00e9v\u00e9l\u00e9 fiable dans la r\u00e9gion portuaire de Hambourg, en aval et le long de la c\u00f4te Bodden de la mer Baltique. Les exp\u00e9riences v\u00e9cues au cours de ces voyages en eaux peu profondes confirment qu'un <strong>faible tirant d'eau est essentiel<\/strong> pour se rapprocher de la nature et se sentir libre.    <\/p>\n<\/div><\/div><\/div><\/div><\/div>\n","protected":false},"excerpt":{"rendered":"","protected":false},"author":1,"featured_media":0,"parent":0,"menu_order":0,"comment_status":"closed","ping_status":"closed","template":"","meta":{"footnotes":""},"class_list":["post-1037","page","type-page","status-publish","hentry"],"yoast_head":"<!-- This site is optimized with the Yoast SEO plugin v27.5 - https:\/\/yoast.com\/product\/yoast-seo-wordpress\/ -->\n<title>Qui sommes-nous - Bader.cruising...komfortabel reisen, remote arbeiten, genie\u00dfen.<\/title>\n<meta name=\"description\" content=\"Qui sommes-nous - Bader.cruising...komfortabel reisen, remote arbeiten, genie\u00dfen.\" \/>\n<meta name=\"robots\" content=\"index, follow, max-snippet:-1, max-image-preview:large, max-video-preview:-1\" \/>\n<link rel=\"canonical\" href=\"https:\/\/www.badercruising.com\/fr\/qui-sommes-nous\/\" \/>\n<meta property=\"og:locale\" content=\"fr_FR\" \/>\n<meta property=\"og:type\" content=\"article\" \/>\n<meta property=\"og:title\" content=\"Qui sommes-nous - Bader.cruising...komfortabel reisen, remote arbeiten, genie\u00dfen.\" \/>\n<meta property=\"og:description\" content=\"Qui sommes-nous - Bader.cruising...komfortabel reisen, remote arbeiten, genie\u00dfen.\" \/>\n<meta property=\"og:url\" content=\"https:\/\/www.badercruising.com\/fr\/qui-sommes-nous\/\" \/>\n<meta property=\"og:site_name\" content=\"Bader.cruising...komfortabel reisen, remote arbeiten, genie\u00dfen.\" \/>\n<meta property=\"article:modified_time\" content=\"2026-05-01T08:15:11+00:00\" \/>\n<meta name=\"twitter:card\" content=\"summary_large_image\" \/>\n<script type=\"application\/ld+json\" class=\"yoast-schema-graph\">{\"@context\":\"https:\\\/\\\/schema.org\",\"@graph\":[{\"@type\":\"WebPage\",\"@id\":\"https:\\\/\\\/www.badercruising.com\\\/fr\\\/qui-sommes-nous\\\/\",\"url\":\"https:\\\/\\\/www.badercruising.com\\\/fr\\\/qui-sommes-nous\\\/\",\"name\":\"Qui sommes-nous - Bader.cruising...komfortabel reisen, remote arbeiten, genie\u00dfen.\",\"isPartOf\":{\"@id\":\"https:\\\/\\\/www.badercruising.com\\\/fr\\\/#website\"},\"datePublished\":\"2024-11-27T17:10:50+00:00\",\"dateModified\":\"2026-05-01T08:15:11+00:00\",\"description\":\"Qui sommes-nous - Bader.cruising...komfortabel reisen, remote arbeiten, genie\u00dfen.\",\"breadcrumb\":{\"@id\":\"https:\\\/\\\/www.badercruising.com\\\/fr\\\/qui-sommes-nous\\\/#breadcrumb\"},\"inLanguage\":\"fr-FR\",\"potentialAction\":[{\"@type\":\"ReadAction\",\"target\":[\"https:\\\/\\\/www.badercruising.com\\\/fr\\\/qui-sommes-nous\\\/\"]}]},{\"@type\":\"BreadcrumbList\",\"@id\":\"https:\\\/\\\/www.badercruising.com\\\/fr\\\/qui-sommes-nous\\\/#breadcrumb\",\"itemListElement\":[{\"@type\":\"ListItem\",\"position\":1,\"name\":\"Startseite\",\"item\":\"https:\\\/\\\/www.badercruising.com\\\/fr\\\/\"},{\"@type\":\"ListItem\",\"position\":2,\"name\":\"Qui sommes-nous\"}]},{\"@type\":\"WebSite\",\"@id\":\"https:\\\/\\\/www.badercruising.com\\\/fr\\\/#website\",\"url\":\"https:\\\/\\\/www.badercruising.com\\\/fr\\\/\",\"name\":\"Bader.cruising...komfortabel reisen, remote arbeiten, genie\u00dfen.\",\"description\":\"\",\"potentialAction\":[{\"@type\":\"SearchAction\",\"target\":{\"@type\":\"EntryPoint\",\"urlTemplate\":\"https:\\\/\\\/www.badercruising.com\\\/fr\\\/?s={search_term_string}\"},\"query-input\":{\"@type\":\"PropertyValueSpecification\",\"valueRequired\":true,\"valueName\":\"search_term_string\"}}],\"inLanguage\":\"fr-FR\"}]}<\/script>\n<!-- \/ Yoast SEO plugin. -->","yoast_head_json":{"title":"Qui sommes-nous - Bader.cruising...komfortabel reisen, remote arbeiten, genie\u00dfen.","description":"Qui sommes-nous - Bader.cruising...komfortabel reisen, remote arbeiten, genie\u00dfen.","robots":{"index":"index","follow":"follow","max-snippet":"max-snippet:-1","max-image-preview":"max-image-preview:large","max-video-preview":"max-video-preview:-1"},"canonical":"https:\/\/www.badercruising.com\/fr\/qui-sommes-nous\/","og_locale":"fr_FR","og_type":"article","og_title":"Qui sommes-nous - Bader.cruising...komfortabel reisen, remote arbeiten, genie\u00dfen.","og_description":"Qui sommes-nous - Bader.cruising...komfortabel reisen, remote arbeiten, genie\u00dfen.","og_url":"https:\/\/www.badercruising.com\/fr\/qui-sommes-nous\/","og_site_name":"Bader.cruising...komfortabel reisen, remote arbeiten, genie\u00dfen.","article_modified_time":"2026-05-01T08:15:11+00:00","twitter_card":"summary_large_image","schema":{"@context":"https:\/\/schema.org","@graph":[{"@type":"WebPage","@id":"https:\/\/www.badercruising.com\/fr\/qui-sommes-nous\/","url":"https:\/\/www.badercruising.com\/fr\/qui-sommes-nous\/","name":"Qui sommes-nous - Bader.cruising...komfortabel reisen, remote arbeiten, genie\u00dfen.","isPartOf":{"@id":"https:\/\/www.badercruising.com\/fr\/#website"},"datePublished":"2024-11-27T17:10:50+00:00","dateModified":"2026-05-01T08:15:11+00:00","description":"Qui sommes-nous - Bader.cruising...komfortabel reisen, remote arbeiten, genie\u00dfen.","breadcrumb":{"@id":"https:\/\/www.badercruising.com\/fr\/qui-sommes-nous\/#breadcrumb"},"inLanguage":"fr-FR","potentialAction":[{"@type":"ReadAction","target":["https:\/\/www.badercruising.com\/fr\/qui-sommes-nous\/"]}]},{"@type":"BreadcrumbList","@id":"https:\/\/www.badercruising.com\/fr\/qui-sommes-nous\/#breadcrumb","itemListElement":[{"@type":"ListItem","position":1,"name":"Startseite","item":"https:\/\/www.badercruising.com\/fr\/"},{"@type":"ListItem","position":2,"name":"Qui sommes-nous"}]},{"@type":"WebSite","@id":"https:\/\/www.badercruising.com\/fr\/#website","url":"https:\/\/www.badercruising.com\/fr\/","name":"Bader.cruising...komfortabel reisen, remote arbeiten, genie\u00dfen.","description":"","potentialAction":[{"@type":"SearchAction","target":{"@type":"EntryPoint","urlTemplate":"https:\/\/www.badercruising.com\/fr\/?s={search_term_string}"},"query-input":{"@type":"PropertyValueSpecification","valueRequired":true,"valueName":"search_term_string"}}],"inLanguage":"fr-FR"}]}},"_links":{"self":[{"href":"https:\/\/www.badercruising.com\/fr\/wp-json\/wp\/v2\/pages\/1037","targetHints":{"allow":["GET"]}}],"collection":[{"href":"https:\/\/www.badercruising.com\/fr\/wp-json\/wp\/v2\/pages"}],"about":[{"href":"https:\/\/www.badercruising.com\/fr\/wp-json\/wp\/v2\/types\/page"}],"author":[{"embeddable":true,"href":"https:\/\/www.badercruising.com\/fr\/wp-json\/wp\/v2\/users\/1"}],"replies":[{"embeddable":true,"href":"https:\/\/www.badercruising.com\/fr\/wp-json\/wp\/v2\/comments?post=1037"}],"version-history":[{"count":3,"href":"https:\/\/www.badercruising.com\/fr\/wp-json\/wp\/v2\/pages\/1037\/revisions"}],"predecessor-version":[{"id":1511,"href":"https:\/\/www.badercruising.com\/fr\/wp-json\/wp\/v2\/pages\/1037\/revisions\/1511"}],"wp:attachment":[{"href":"https:\/\/www.badercruising.com\/fr\/wp-json\/wp\/v2\/media?parent=1037"}],"curies":[{"name":"wp","href":"https:\/\/api.w.org\/{rel}","templated":true}]}}